{"id":3,"date":"2025-09-29T14:01:32","date_gmt":"2025-09-29T14:01:32","guid":{"rendered":"https:\/\/kloogakosk.ee\/?page_id=3"},"modified":"2025-10-03T00:09:27","modified_gmt":"2025-10-02T21:09:27","slug":"privaatsuspoliitika","status":"publish","type":"page","link":"https:\/\/kloogakosk.ee\/en\/privaatsuspoliitika\/","title":{"rendered":"Privacy policy"},"content":{"rendered":"<div data-elementor-type=\"wp-page\" data-elementor-id=\"3\" class=\"elementor elementor-3\" data-elementor-post-type=\"page\">\n\t\t\t\t<div class=\"elementor-element elementor-element-5a346425 e-flex e-con-boxed e-con e-parent\" data-id=\"5a346425\" data-element_type=\"container\">\n\t\t\t\t\t<div class=\"e-con-inner\">\n\t\t\t\t<div class=\"elementor-element elementor-element-80e7479 elementor-widget elementor-widget-heading\" data-id=\"80e7479\" data-element_type=\"widget\" data-widget_type=\"heading.default\">\n\t\t\t\t\t<h1 class=\"elementor-heading-title elementor-size-default\">Veebilehe kasutustingimused ja m\u00fc\u00fcgitingimused<\/h1>\t\t\t\t<\/div>\n\t\t\t\t<div class=\"elementor-element elementor-element-e6fa73a elementor-widget elementor-widget-text-editor\" data-id=\"e6fa73a\" data-element_type=\"widget\" data-widget_type=\"text-editor.default\">\n\t\t\t\t\t\t\t\t\t\n<p><strong>Kasutajakogemuse tausts\u00fcsteemid<\/strong><\/p>\n<p>Kasutusel\u00a0on statistika tegemiseks lehe k\u00fclastatavuse j\u00e4lgimine, kuid midagi muud peale k\u00fclastajate arvu suurendamise, v\u00e4lja arvatud kasutaja enda interaktsiooni l\u00e4bi,\u00a0ei salvestata.<\/p>\n<p>Kasutajapoolse\u00a0andmeinteraktsiooni v\u00f5imalusteks on kontaktivormi saatmine v\u00f5i ostukorvi kinnitamine.<\/p>\n<p><strong>M\u00fc\u00fcgitingimused<\/strong><\/p>\n<p>Valitud lehtedel on v\u00f5imalus lisada m\u00fc\u00fcdavaid tooteid ostukorvi. Ostukorvi vormi v\u00e4ljad\u00a0t\u00e4ites ning ostu kinnitades vormi andmed salvestatakse ostja seadme puhvrisse. Makset teostades salvestatakse andmed ka m\u00fc\u00fcja andmebaasi, kus andmeid v\u00f5idakse hoiustada lausa paar aastat.<\/p>\n<p>Makse teostamine\u00a0toimub kolmanda osapoole kaudu ostja poolt valitud pangalehel. Naastes lingi kaudu tagasi kaupmehe juurde\u00a0on v\u00f5imalik n\u00e4ha ostust kokkuv\u00f5tet ning digitaalsete toodete puhul v\u00f5imalik need lingi kaudu alla laadida. Info saadetakse koos arvega ka emailile.<\/p>\t\t\t\t\t\t\t\t<\/div>\n\t\t\t\t\t<\/div>\n\t\t\t\t<\/div>\n\t\t\t\t<\/div>","protected":false},"excerpt":{"rendered":"<p>Veebilehe kasutustingimused ja m\u00fc\u00fcgitingimused Kasutajakogemuse tausts\u00fcsteemid Kasutusel\u00a0on statistika tegemiseks lehe k\u00fclastatavuse j\u00e4lgimine, kuid midagi muud peale k\u00fclastajate arvu suurendamise, v\u00e4lja [&hellip;]<\/p>","protected":false},"author":1,"featured_media":0,"parent":0,"menu_order":0,"comment_status":"closed","ping_status":"open","template":"elementor_header_footer","meta":{"site-sidebar-layout":"default","site-content-layout":"","ast-site-content-layout":"default","site-content-style":"default","site-sidebar-style":"default","ast-global-header-display":"","ast-banner-title-visibility":"","ast-main-header-display":"","ast-hfb-above-header-display":"","ast-hfb-below-header-display":"","ast-hfb-mobile-header-display":"","site-post-title":"disabled","ast-breadcrumbs-content":"","ast-featured-img":"","footer-sml-layout":"","theme-transparent-header-meta":"default","adv-header-id-meta":"","stick-header-meta":"","header-above-stick-meta":"","header-main-stick-meta":"","header-below-stick-meta":"","astra-migrate-meta-layouts":"set","ast-page-background-enabled":"default","ast-page-background-meta":{"desktop":{"background-color":"var(--ast-global-color-5)","background-image":"","background-repeat":"repeat","background-position":"center center","background-size":"auto","background-attachment":"scroll","background-type":"","background-media":"","overlay-type":"","overlay-color":"","overlay-opacity":"","overlay-gradient":""},"tablet":{"background-color":"","background-image":"","background-repeat":"repeat","background-position":"center center","background-size":"auto","background-attachment":"scroll","background-type":"","background-media":"","overlay-type":"","overlay-color":"","overlay-opacity":"","overlay-gradient":""},"mobile":{"background-color":"","background-image":"","background-repeat":"repeat","background-position":"center center","background-size":"auto","background-attachment":"scroll","background-type":"","background-media":"","overlay-type":"","overlay-color":"","overlay-opacity":"","overlay-gradient":""}},"ast-content-background-meta":{"desktop":{"background-color":"var(--ast-global-color-4)","background-image":"","background-repeat":"repeat","background-position":"center center","background-size":"auto","background-attachment":"scroll","background-type":"","background-media":"","overlay-type":"","overlay-color":"","overlay-opacity":"","overlay-gradient":""},"tablet":{"background-color":"var(--ast-global-color-4)","background-image":"","background-repeat":"repeat","background-position":"center center","background-size":"auto","background-attachment":"scroll","background-type":"","background-media":"","overlay-type":"","overlay-color":"","overlay-opacity":"","overlay-gradient":""},"mobile":{"background-color":"var(--ast-global-color-4)","background-image":"","background-repeat":"repeat","background-position":"center center","background-size":"auto","background-attachment":"scroll","background-type":"","background-media":"","overlay-type":"","overlay-color":"","overlay-opacity":"","overlay-gradient":""}},"footnotes":""},"class_list":["post-3","page","type-page","status-publish","hentry"],"yoast_head":"<!-- This site is optimized with the Yoast SEO plugin v26.4 - https:\/\/yoast.com\/wordpress\/plugins\/seo\/ -->\n<title>Privaatsuspoliitika - Klooga Kosk<\/title>\n<meta name=\"robots\" content=\"index, follow, max-snippet:-1, max-image-preview:large, max-video-preview:-1\" \/>\n<link rel=\"canonical\" href=\"https:\/\/kloogakosk.ee\/en\/privaatsuspoliitika\/\" \/>\n<meta property=\"og:locale\" content=\"en_US\" \/>\n<meta property=\"og:type\" content=\"article\" \/>\n<meta property=\"og:title\" content=\"Privaatsuspoliitika - Klooga Kosk\" \/>\n<meta property=\"og:description\" content=\"Veebilehe kasutustingimused ja m\u00fc\u00fcgitingimused Kasutajakogemuse tausts\u00fcsteemid Kasutusel\u00a0on statistika tegemiseks lehe k\u00fclastatavuse j\u00e4lgimine, kuid midagi muud peale k\u00fclastajate arvu suurendamise, v\u00e4lja [&hellip;]\" \/>\n<meta property=\"og:url\" content=\"https:\/\/kloogakosk.ee\/en\/privaatsuspoliitika\/\" \/>\n<meta property=\"og:site_name\" content=\"Klooga Kosk\" \/>\n<meta property=\"article:modified_time\" content=\"2025-10-02T21:09:27+00:00\" \/>\n<meta name=\"twitter:card\" content=\"summary_large_image\" \/>\n<meta name=\"twitter:label1\" content=\"Est. reading time\" \/>\n\t<meta name=\"twitter:data1\" content=\"1 minute\" \/>\n<script type=\"application\/ld+json\" class=\"yoast-schema-graph\">{\"@context\":\"https:\/\/schema.org\",\"@graph\":[{\"@type\":\"WebPage\",\"@id\":\"https:\/\/kloogakosk.ee\/en\/privaatsuspoliitika\/\",\"url\":\"https:\/\/kloogakosk.ee\/en\/privaatsuspoliitika\/\",\"name\":\"Privaatsuspoliitika - Klooga Kosk\",\"isPartOf\":{\"@id\":\"https:\/\/kloogakosk.ee\/#website\"},\"datePublished\":\"2025-09-29T14:01:32+00:00\",\"dateModified\":\"2025-10-02T21:09:27+00:00\",\"breadcrumb\":{\"@id\":\"https:\/\/kloogakosk.ee\/en\/privaatsuspoliitika\/#breadcrumb\"},\"inLanguage\":\"en-US\",\"potentialAction\":[{\"@type\":\"ReadAction\",\"target\":[\"https:\/\/kloogakosk.ee\/en\/privaatsuspoliitika\/\"]}]},{\"@type\":\"BreadcrumbList\",\"@id\":\"https:\/\/kloogakosk.ee\/en\/privaatsuspoliitika\/#breadcrumb\",\"itemListElement\":[{\"@type\":\"ListItem\",\"position\":1,\"name\":\"Home\",\"item\":\"https:\/\/kloogakosk.ee\/\"},{\"@type\":\"ListItem\",\"position\":2,\"name\":\"Privaatsuspoliitika\"}]},{\"@type\":\"WebSite\",\"@id\":\"https:\/\/kloogakosk.ee\/#website\",\"url\":\"https:\/\/kloogakosk.ee\/\",\"name\":\"Klooga Kosk\",\"description\":\"Parvsaun Klooga j\u00e4rvel\",\"potentialAction\":[{\"@type\":\"SearchAction\",\"target\":{\"@type\":\"EntryPoint\",\"urlTemplate\":\"https:\/\/kloogakosk.ee\/?s={search_term_string}\"},\"query-input\":{\"@type\":\"PropertyValueSpecification\",\"valueRequired\":true,\"valueName\":\"search_term_string\"}}],\"inLanguage\":\"en-US\"}]}<\/script>\n<!-- \/ Yoast SEO plugin. -->","yoast_head_json":{"title":"Privaatsuspoliitika - Klooga Kosk","robots":{"index":"index","follow":"follow","max-snippet":"max-snippet:-1","max-image-preview":"max-image-preview:large","max-video-preview":"max-video-preview:-1"},"canonical":"https:\/\/kloogakosk.ee\/en\/privaatsuspoliitika\/","og_locale":"en_US","og_type":"article","og_title":"Privaatsuspoliitika - Klooga Kosk","og_description":"Veebilehe kasutustingimused ja m\u00fc\u00fcgitingimused Kasutajakogemuse tausts\u00fcsteemid Kasutusel\u00a0on statistika tegemiseks lehe k\u00fclastatavuse j\u00e4lgimine, kuid midagi muud peale k\u00fclastajate arvu suurendamise, v\u00e4lja [&hellip;]","og_url":"https:\/\/kloogakosk.ee\/en\/privaatsuspoliitika\/","og_site_name":"Klooga Kosk","article_modified_time":"2025-10-02T21:09:27+00:00","twitter_card":"summary_large_image","twitter_misc":{"Est. reading time":"1 minute"},"schema":{"@context":"https:\/\/schema.org","@graph":[{"@type":"WebPage","@id":"https:\/\/kloogakosk.ee\/en\/privaatsuspoliitika\/","url":"https:\/\/kloogakosk.ee\/en\/privaatsuspoliitika\/","name":"Privaatsuspoliitika - Klooga Kosk","isPartOf":{"@id":"https:\/\/kloogakosk.ee\/#website"},"datePublished":"2025-09-29T14:01:32+00:00","dateModified":"2025-10-02T21:09:27+00:00","breadcrumb":{"@id":"https:\/\/kloogakosk.ee\/en\/privaatsuspoliitika\/#breadcrumb"},"inLanguage":"en-US","potentialAction":[{"@type":"ReadAction","target":["https:\/\/kloogakosk.ee\/en\/privaatsuspoliitika\/"]}]},{"@type":"BreadcrumbList","@id":"https:\/\/kloogakosk.ee\/en\/privaatsuspoliitika\/#breadcrumb","itemListElement":[{"@type":"ListItem","position":1,"name":"Home","item":"https:\/\/kloogakosk.ee\/"},{"@type":"ListItem","position":2,"name":"Privaatsuspoliitika"}]},{"@type":"WebSite","@id":"https:\/\/kloogakosk.ee\/#website","url":"https:\/\/kloogakosk.ee\/","name":"Klooga Kosk","description":"Parvsaun Klooga j\u00e4rvel","potentialAction":[{"@type":"SearchAction","target":{"@type":"EntryPoint","urlTemplate":"https:\/\/kloogakosk.ee\/?s={search_term_string}"},"query-input":{"@type":"PropertyValueSpecification","valueRequired":true,"valueName":"search_term_string"}}],"inLanguage":"en-US"}]}},"_links":{"self":[{"href":"https:\/\/kloogakosk.ee\/en\/wp-json\/wp\/v2\/pages\/3","targetHints":{"allow":["GET"]}}],"collection":[{"href":"https:\/\/kloogakosk.ee\/en\/wp-json\/wp\/v2\/pages"}],"about":[{"href":"https:\/\/kloogakosk.ee\/en\/wp-json\/wp\/v2\/types\/page"}],"author":[{"embeddable":true,"href":"https:\/\/kloogakosk.ee\/en\/wp-json\/wp\/v2\/users\/1"}],"replies":[{"embeddable":true,"href":"https:\/\/kloogakosk.ee\/en\/wp-json\/wp\/v2\/comments?post=3"}],"version-history":[{"count":4,"href":"https:\/\/kloogakosk.ee\/en\/wp-json\/wp\/v2\/pages\/3\/revisions"}],"predecessor-version":[{"id":255,"href":"https:\/\/kloogakosk.ee\/en\/wp-json\/wp\/v2\/pages\/3\/revisions\/255"}],"wp:attachment":[{"href":"https:\/\/kloogakosk.ee\/en\/wp-json\/wp\/v2\/media?parent=3"}],"curies":[{"name":"wp","href":"https:\/\/api.w.org\/{rel}","templated":true}]}}